{"id":75,"date":"2014-08-31T21:28:47","date_gmt":"2014-08-31T20:28:47","guid":{"rendered":"http:\/\/fumgrafik.cz\/?page_id=75"},"modified":"2021-10-13T23:17:27","modified_gmt":"2021-10-13T22:17:27","slug":"kontakt","status":"publish","type":"page","link":"https:\/\/fumgrafik.cz\/?page_id=75","title":{"rendered":"Kontakt"},"content":{"rendered":"<p style=\"text-align: center;\"><a href=\"mailto:jan.fumfalek@email.cz\">jan.fumfalek@email.cz<\/a><\/p>\n<p style=\"text-align: center;\">+420 <strong>732 807 785<\/strong><\/p>\n<p style=\"text-align: center;\">Kov\u00e1\u0159ov 76, 398 55, I\u010cO: 73483923, registrov\u00e1n v \u017dR<\/p>\n","protected":false},"excerpt":{"rendered":"<p>jan.fumfalek@email.cz +420 732 807 785 Kov\u00e1\u0159ov 76, 398 55, I\u010cO: 73483923, registrov\u00e1n v \u017dR<\/p>\n","protected":false},"author":2,"featured_media":0,"parent":0,"menu_order":0,"comment_status":"closed","ping_status":"closed","template":"","meta":{"footnotes":""},"class_list":["post-75","page","type-page","status-publish","hentry"],"_links":{"self":[{"href":"https:\/\/fumgrafik.cz\/index.php?rest_route=\/wp\/v2\/pages\/75","targetHints":{"allow":["GET"]}}],"collection":[{"href":"https:\/\/fumgrafik.cz\/index.php?rest_route=\/wp\/v2\/pages"}],"about":[{"href":"https:\/\/fumgrafik.cz\/index.php?rest_route=\/wp\/v2\/types\/page"}],"author":[{"embeddable":true,"href":"https:\/\/fumgrafik.cz\/index.php?rest_route=\/wp\/v2\/users\/2"}],"replies":[{"embeddable":true,"href":"https:\/\/fumgrafik.cz\/index.php?rest_route=%2Fwp%2Fv2%2Fcomments&post=75"}],"version-history":[{"count":4,"href":"https:\/\/fumgrafik.cz\/index.php?rest_route=\/wp\/v2\/pages\/75\/revisions"}],"predecessor-version":[{"id":283,"href":"https:\/\/fumgrafik.cz\/index.php?rest_route=\/wp\/v2\/pages\/75\/revisions\/283"}],"wp:attachment":[{"href":"https:\/\/fumgrafik.cz\/index.php?rest_route=%2Fwp%2Fv2%2Fmedia&parent=75"}],"curies":[{"name":"wp","href":"https:\/\/api.w.org\/{rel}","templated":true}]}}